{"id":2579,"date":"2015-03-11T14:43:00","date_gmt":"2015-03-11T12:43:00","guid":{"rendered":"http:\/\/deroigarquitecturatecnica.com\/home\/"},"modified":"2026-04-10T11:42:21","modified_gmt":"2026-04-10T09:42:21","slug":"home","status":"publish","type":"page","link":"https:\/\/deroigarquitecturatecnica.com\/es\/","title":{"rendered":"Home"},"content":{"rendered":"","protected":false},"excerpt":{"rendered":"","protected":false},"author":1,"featured_media":0,"parent":0,"menu_order":0,"comment_status":"open","ping_status":"open","template":"","meta":{"footnotes":""},"class_list":["post-2579","page","type-page","status-publish","hentry"],"yoast_head":"<!-- This site is optimized with the Yoast SEO plugin v27.3 - https:\/\/yoast.com\/product\/yoast-seo-wordpress\/ -->\n<title>Home - Dani Esteve Roig (Deroig) Arquitectura T\u00e8cnica<\/title>\n<meta name=\"description\" content=\"Arquitecto t\u00e9cnico en Gandesa y Terra Alta. Especialista en rehabilitaci\u00f3n, obra nueva, certificados energ\u00e9ticos, c\u00e9dulas de habitabilidad.\" \/>\n<meta name=\"robots\" content=\"index, follow, max-snippet:-1, max-image-preview:large, max-video-preview:-1\" \/>\n<link rel=\"canonical\" href=\"https:\/\/deroigarquitecturatecnica.com\/es\/home\/\" \/>\n<meta property=\"og:locale\" content=\"es_ES\" \/>\n<meta property=\"og:type\" content=\"article\" \/>\n<meta property=\"og:title\" content=\"Home - Dani Esteve Roig (Deroig) Arquitectura T\u00e8cnica\" \/>\n<meta property=\"og:description\" content=\"Arquitecto t\u00e9cnico en Gandesa y Terra Alta. Especialista en rehabilitaci\u00f3n, obra nueva, certificados energ\u00e9ticos, c\u00e9dulas de habitabilidad.\" \/>\n<meta property=\"og:url\" content=\"https:\/\/deroigarquitecturatecnica.com\/es\/home\/\" \/>\n<meta property=\"og:site_name\" content=\"Dani Esteve Roig (Deroig) Arquitectura T\u00e8cnica\" \/>\n<meta property=\"article:modified_time\" content=\"2026-04-10T09:42:21+00:00\" \/>\n<meta name=\"twitter:card\" content=\"summary_large_image\" \/>\n<script type=\"application\/ld+json\" class=\"yoast-schema-graph\">{\"@context\":\"https:\\\/\\\/schema.org\",\"@graph\":[{\"@type\":\"WebPage\",\"@id\":\"https:\\\/\\\/deroigarquitecturatecnica.com\\\/es\\\/home\\\/\",\"url\":\"https:\\\/\\\/deroigarquitecturatecnica.com\\\/es\\\/home\\\/\",\"name\":\"Home - Dani Esteve Roig (Deroig) Arquitectura T\u00e8cnica\",\"isPartOf\":{\"@id\":\"https:\\\/\\\/deroigarquitecturatecnica.com\\\/#website\"},\"datePublished\":\"2015-03-11T12:43:00+00:00\",\"dateModified\":\"2026-04-10T09:42:21+00:00\",\"description\":\"Arquitecto t\u00e9cnico en Gandesa y Terra Alta. Especialista en rehabilitaci\u00f3n, obra nueva, certificados energ\u00e9ticos, c\u00e9dulas de habitabilidad.\",\"breadcrumb\":{\"@id\":\"https:\\\/\\\/deroigarquitecturatecnica.com\\\/es\\\/home\\\/#breadcrumb\"},\"inLanguage\":\"es\",\"potentialAction\":[{\"@type\":\"ReadAction\",\"target\":[\"https:\\\/\\\/deroigarquitecturatecnica.com\\\/es\\\/home\\\/\"]}]},{\"@type\":\"BreadcrumbList\",\"@id\":\"https:\\\/\\\/deroigarquitecturatecnica.com\\\/es\\\/home\\\/#breadcrumb\",\"itemListElement\":[{\"@type\":\"ListItem\",\"position\":1,\"name\":\"Inici\",\"item\":\"https:\\\/\\\/deroigarquitecturatecnica.com\\\/es\\\/home\\\/\"},{\"@type\":\"ListItem\",\"position\":2,\"name\":\"Home\"}]},{\"@type\":\"WebSite\",\"@id\":\"https:\\\/\\\/deroigarquitecturatecnica.com\\\/#website\",\"url\":\"https:\\\/\\\/deroigarquitecturatecnica.com\\\/\",\"name\":\"Deroig Arquitectura T\u00e8cnica\",\"description\":\"\",\"potentialAction\":[{\"@type\":\"SearchAction\",\"target\":{\"@type\":\"EntryPoint\",\"urlTemplate\":\"https:\\\/\\\/deroigarquitecturatecnica.com\\\/?s={search_term_string}\"},\"query-input\":{\"@type\":\"PropertyValueSpecification\",\"valueRequired\":true,\"valueName\":\"search_term_string\"}}],\"inLanguage\":\"es\"}]}<\/script>\n<!-- \/ Yoast SEO plugin. -->","yoast_head_json":{"title":"Home - Dani Esteve Roig (Deroig) Arquitectura T\u00e8cnica","description":"Arquitecto t\u00e9cnico en Gandesa y Terra Alta. Especialista en rehabilitaci\u00f3n, obra nueva, certificados energ\u00e9ticos, c\u00e9dulas de habitabilidad.","robots":{"index":"index","follow":"follow","max-snippet":"max-snippet:-1","max-image-preview":"max-image-preview:large","max-video-preview":"max-video-preview:-1"},"canonical":"https:\/\/deroigarquitecturatecnica.com\/es\/home\/","og_locale":"es_ES","og_type":"article","og_title":"Home - Dani Esteve Roig (Deroig) Arquitectura T\u00e8cnica","og_description":"Arquitecto t\u00e9cnico en Gandesa y Terra Alta. Especialista en rehabilitaci\u00f3n, obra nueva, certificados energ\u00e9ticos, c\u00e9dulas de habitabilidad.","og_url":"https:\/\/deroigarquitecturatecnica.com\/es\/home\/","og_site_name":"Dani Esteve Roig (Deroig) Arquitectura T\u00e8cnica","article_modified_time":"2026-04-10T09:42:21+00:00","twitter_card":"summary_large_image","schema":{"@context":"https:\/\/schema.org","@graph":[{"@type":"WebPage","@id":"https:\/\/deroigarquitecturatecnica.com\/es\/home\/","url":"https:\/\/deroigarquitecturatecnica.com\/es\/home\/","name":"Home - Dani Esteve Roig (Deroig) Arquitectura T\u00e8cnica","isPartOf":{"@id":"https:\/\/deroigarquitecturatecnica.com\/#website"},"datePublished":"2015-03-11T12:43:00+00:00","dateModified":"2026-04-10T09:42:21+00:00","description":"Arquitecto t\u00e9cnico en Gandesa y Terra Alta. Especialista en rehabilitaci\u00f3n, obra nueva, certificados energ\u00e9ticos, c\u00e9dulas de habitabilidad.","breadcrumb":{"@id":"https:\/\/deroigarquitecturatecnica.com\/es\/home\/#breadcrumb"},"inLanguage":"es","potentialAction":[{"@type":"ReadAction","target":["https:\/\/deroigarquitecturatecnica.com\/es\/home\/"]}]},{"@type":"BreadcrumbList","@id":"https:\/\/deroigarquitecturatecnica.com\/es\/home\/#breadcrumb","itemListElement":[{"@type":"ListItem","position":1,"name":"Inici","item":"https:\/\/deroigarquitecturatecnica.com\/es\/home\/"},{"@type":"ListItem","position":2,"name":"Home"}]},{"@type":"WebSite","@id":"https:\/\/deroigarquitecturatecnica.com\/#website","url":"https:\/\/deroigarquitecturatecnica.com\/","name":"Deroig Arquitectura T\u00e8cnica","description":"","potentialAction":[{"@type":"SearchAction","target":{"@type":"EntryPoint","urlTemplate":"https:\/\/deroigarquitecturatecnica.com\/?s={search_term_string}"},"query-input":{"@type":"PropertyValueSpecification","valueRequired":true,"valueName":"search_term_string"}}],"inLanguage":"es"}]}},"_links":{"self":[{"href":"https:\/\/deroigarquitecturatecnica.com\/es\/wp-json\/wp\/v2\/pages\/2579","targetHints":{"allow":["GET"]}}],"collection":[{"href":"https:\/\/deroigarquitecturatecnica.com\/es\/wp-json\/wp\/v2\/pages"}],"about":[{"href":"https:\/\/deroigarquitecturatecnica.com\/es\/wp-json\/wp\/v2\/types\/page"}],"author":[{"embeddable":true,"href":"https:\/\/deroigarquitecturatecnica.com\/es\/wp-json\/wp\/v2\/users\/1"}],"replies":[{"embeddable":true,"href":"https:\/\/deroigarquitecturatecnica.com\/es\/wp-json\/wp\/v2\/comments?post=2579"}],"version-history":[{"count":1,"href":"https:\/\/deroigarquitecturatecnica.com\/es\/wp-json\/wp\/v2\/pages\/2579\/revisions"}],"predecessor-version":[{"id":2649,"href":"https:\/\/deroigarquitecturatecnica.com\/es\/wp-json\/wp\/v2\/pages\/2579\/revisions\/2649"}],"wp:attachment":[{"href":"https:\/\/deroigarquitecturatecnica.com\/es\/wp-json\/wp\/v2\/media?parent=2579"}],"curies":[{"name":"wp","href":"https:\/\/api.w.org\/{rel}","templated":true}]}}